{"id":13,"date":"2023-06-24T06:45:06","date_gmt":"2023-06-24T06:45:06","guid":{"rendered":"https:\/\/eleconsult.at\/?page_id=13"},"modified":"2025-01-23T18:18:13","modified_gmt":"2025-01-23T18:18:13","slug":"leistungen","status":"publish","type":"page","link":"https:\/\/eleconsult.at\/index.php\/leistungen\/","title":{"rendered":"Leistungen"},"content":{"rendered":"\t\t<div data-elementor-type=\"wp-page\" data-elementor-id=\"13\" class=\"elementor elementor-13\">\n\t\t\t\t\t\t\t\t\t<section class=\"elementor-section elementor-top-section elementor-element elementor-element-de0cc4e elementor-section-boxed elementor-section-height-default elementor-section-height-default\" data-id=\"de0cc4e\" data-element_type=\"section\">\n\t\t\t\t\t\t<div class=\"elementor-container elementor-column-gap-default\">\n\t\t\t\t\t<div class=\"elementor-column elementor-col-100 elementor-top-column elementor-element elementor-element-02b5010\" data-id=\"02b5010\" data-element_type=\"column\">\n\t\t\t<div class=\"elementor-widget-wrap elementor-element-populated\">\n\t\t\t\t\t\t\t\t<div class=\"elementor-element elementor-element-3d83a19 elementor-widget elementor-widget-heading\" data-id=\"3d83a19\" data-element_type=\"widget\" data-widget_type=\"heading.default\">\n\t\t\t\t<div class=\"elementor-widget-container\">\n\t\t\t<style>\/*! elementor - v3.14.0 - 18-06-2023 *\/\n.elementor-heading-title{padding:0;margin:0;line-height:1}.elementor-widget-heading .elementor-heading-title[class*=elementor-size-]>a{color:inherit;font-size:inherit;line-height:inherit}.elementor-widget-heading .elementor-heading-title.elementor-size-small{font-size:15px}.elementor-widget-heading .elementor-heading-title.elementor-size-medium{font-size:19px}.elementor-widget-heading .elementor-heading-title.elementor-size-large{font-size:29px}.elementor-widget-heading .elementor-heading-title.elementor-size-xl{font-size:39px}.elementor-widget-heading .elementor-heading-title.elementor-size-xxl{font-size:59px}<\/style><h1 class=\"elementor-heading-title elementor-size-default\">Unsere Leistungen<\/h1>\t\t<\/div>\n\t\t\t\t<\/div>\n\t\t\t\t\t<\/div>\n\t\t<\/div>\n\t\t\t\t\t\t\t<\/div>\n\t\t<\/section>\n\t\t\t\t<section class=\"elementor-section elementor-top-section elementor-element elementor-element-0e101d6 elementor-section-boxed elementor-section-height-default elementor-section-height-default\" data-id=\"0e101d6\" data-element_type=\"section\">\n\t\t\t\t\t\t<div class=\"elementor-container elementor-column-gap-default\">\n\t\t\t\t\t<div class=\"elementor-column elementor-col-100 elementor-top-column elementor-element elementor-element-39e6767\" data-id=\"39e6767\" data-element_type=\"column\">\n\t\t\t<div class=\"elementor-widget-wrap elementor-element-populated\">\n\t\t\t\t\t\t\t\t<div class=\"elementor-element elementor-element-8bc26be elementor-widget__width-initial elementor-invisible elementor-widget elementor-widget-text-editor\" data-id=\"8bc26be\" data-element_type=\"widget\" data-settings=\"{&quot;_animation&quot;:&quot;zoomIn&quot;}\" data-widget_type=\"text-editor.default\">\n\t\t\t\t<div class=\"elementor-widget-container\">\n\t\t\t<style>\/*! elementor - v3.14.0 - 18-06-2023 *\/\n.elementor-widget-text-editor.elementor-drop-cap-view-stacked .elementor-drop-cap{background-color:#69727d;color:#fff}.elementor-widget-text-editor.elementor-drop-cap-view-framed .elementor-drop-cap{color:#69727d;border:3px solid;background-color:transparent}.elementor-widget-text-editor:not(.elementor-drop-cap-view-default) .elementor-drop-cap{margin-top:8px}.elementor-widget-text-editor:not(.elementor-drop-cap-view-default) .elementor-drop-cap-letter{width:1em;height:1em}.elementor-widget-text-editor .elementor-drop-cap{float:left;text-align:center;line-height:1;font-size:50px}.elementor-widget-text-editor .elementor-drop-cap-letter{display:inline-block}<\/style>\t\t\t\t<p style=\"text-align: center; padding-left: 40px;\">Der Schwerpunkt liegt bei der Betreuung von\u00a0Klein- und Mittelbetrieben (KMU), sowie\u00a0Ein-Personen-Unternehmen (EPU).\u00a0<span style=\"font-style: inherit; font-weight: inherit; color: var( --e-global-color-text ); font-family: var( --e-global-typography-text-font-family ), Sans-serif; background-color: var(--ast-global-color-5);\">Im Rahmen der Selbst\u00e4ndigen T\u00e4tigkeit stehen oftmals viele Unsicherheiten im Raum.\u00a0<\/span><\/p><p style=\"text-align: center;\"><span style=\"font-style: inherit; font-weight: inherit; color: var( --e-global-color-text ); font-family: var( --e-global-typography-text-font-family ), Sans-serif; background-color: var(--ast-global-color-5);\">Wir unterst\u00fctzen Sie sehr gern auf dem Weg zu Ihrem eigenen Unternehmen und sind stets bem\u00fcht, alle Ihre Fragen im Rahmen einer ausf\u00fchrlichen und pers\u00f6nlichen\u00a0Gr\u00fcndungsberatung und Rechtsformberatung\u00a0zu beantworten.<\/span><\/p><p style=\"text-align: center;\"><span style=\"background-color: var(--ast-global-color-5); color: var( --e-global-color-text ); font-family: var( --e-global-typography-text-font-family ), Sans-serif; font-style: inherit; font-weight: inherit;\">Jeder Klient ist f\u00fcr uns einzigartig. F\u00fcr uns stehen die W\u00fcnsche und Anforderungen unserer Klienten im Mittelpunkt. Bei allen Leistungen unserer Kanzlei sind Qualit\u00e4t und Professionalit\u00e4t oberste Priorit\u00e4t. Finden Sie unsere Leistungen im \u00dcberblick<\/span><\/p><p style=\"text-align: center;\"><span style=\"background-color: var(--ast-global-color-5); color: var( --e-global-color-text ); font-family: var( --e-global-typography-text-font-family ), Sans-serif; font-style: inherit; font-weight: inherit;\">\u00a0<\/span><\/p>\t\t\t\t\t\t<\/div>\n\t\t\t\t<\/div>\n\t\t\t\t<div class=\"elementor-element elementor-element-0865789 elementor-view-default elementor-widget elementor-widget-icon\" data-id=\"0865789\" data-element_type=\"widget\" data-widget_type=\"icon.default\">\n\t\t\t\t<div class=\"elementor-widget-container\">\n\t\t\t\t\t<div class=\"elementor-icon-wrapper\">\n\t\t\t<div class=\"elementor-icon\">\n\t\t\t\t\t\t<\/div>\n\t\t<\/div>\n\t\t\t\t<\/div>\n\t\t\t\t<\/div>\n\t\t\t\t\t<\/div>\n\t\t<\/div>\n\t\t\t\t\t\t\t<\/div>\n\t\t<\/section>\n\t\t\t\t<section class=\"elementor-section elementor-inner-section elementor-element elementor-element-b50dda0 elementor-section-boxed elementor-section-height-default elementor-section-height-default\" data-id=\"b50dda0\" data-element_type=\"section\">\n\t\t\t\t\t\t<div class=\"elementor-container elementor-column-gap-default\">\n\t\t\t\t\t\t\t\t<\/div>\n\t\t<\/section>\n\t\t\t\t<section class=\"elementor-section elementor-inner-section elementor-element elementor-element-774bae6 elementor-section-boxed elementor-section-height-default elementor-section-height-default\" data-id=\"774bae6\" data-element_type=\"section\">\n\t\t\t\t\t\t<div class=\"elementor-container elementor-column-gap-default\">\n\t\t\t\t\t\t\t\t<\/div>\n\t\t<\/section>\n\t\t\t\t<section class=\"elementor-section elementor-inner-section elementor-element elementor-element-9679e45 elementor-section-boxed elementor-section-height-default elementor-section-height-default\" data-id=\"9679e45\" data-element_type=\"section\">\n\t\t\t\t\t\t<div class=\"elementor-container elementor-column-gap-default\">\n\t\t\t\t\t\t\t\t<\/div>\n\t\t<\/section>\n\t\t\t\t<section class=\"elementor-section elementor-inner-section elementor-element elementor-element-7b24433 elementor-section-boxed elementor-section-height-default elementor-section-height-default\" data-id=\"7b24433\" data-element_type=\"section\">\n\t\t\t\t\t\t<div class=\"elementor-container elementor-column-gap-default\">\n\t\t\t\t\t\t\t\t<\/div>\n\t\t<\/section>\n\t\t\t\t<section class=\"elementor-section elementor-inner-section elementor-element elementor-element-c0fa8f5 elementor-section-boxed elementor-section-height-default elementor-section-height-default\" data-id=\"c0fa8f5\" data-element_type=\"section\">\n\t\t\t\t\t\t<div class=\"elementor-container elementor-column-gap-default\">\n\t\t\t\t\t<div class=\"elementor-column elementor-col-33 elementor-inner-column elementor-element elementor-element-b49b16b\" data-id=\"b49b16b\" data-element_type=\"column\" data-settings=\"{&quot;background_background&quot;:&quot;classic&quot;,&quot;motion_fx_motion_fx_scrolling&quot;:&quot;yes&quot;,&quot;motion_fx_devices&quot;:[&quot;desktop&quot;,&quot;tablet&quot;,&quot;mobile&quot;]}\">\n\t\t\t<div class=\"elementor-widget-wrap elementor-element-populated\">\n\t\t\t\t\t\t\t\t<div class=\"elementor-element elementor-element-733752a elementor-widget elementor-widget-heading\" data-id=\"733752a\" data-element_type=\"widget\" data-widget_type=\"heading.default\">\n\t\t\t\t<div class=\"elementor-widget-container\">\n\t\t\t<h2 class=\"elementor-heading-title elementor-size-default\">Buchhaltung<\/h2>\t\t<\/div>\n\t\t\t\t<\/div>\n\t\t\t\t<div class=\"elementor-element elementor-element-5bb4db0 e-transform elementor-invisible elementor-widget elementor-widget-text-editor\" data-id=\"5bb4db0\" data-element_type=\"widget\" data-settings=\"{&quot;_animation&quot;:&quot;lightSpeedIn&quot;,&quot;_transform_rotateZ_effect&quot;:{&quot;unit&quot;:&quot;px&quot;,&quot;size&quot;:&quot;&quot;,&quot;sizes&quot;:[]},&quot;_transform_rotateZ_effect_tablet&quot;:{&quot;unit&quot;:&quot;deg&quot;,&quot;size&quot;:&quot;&quot;,&quot;sizes&quot;:[]},&quot;_transform_rotateZ_effect_mobile&quot;:{&quot;unit&quot;:&quot;deg&quot;,&quot;size&quot;:&quot;&quot;,&quot;sizes&quot;:[]}}\" data-widget_type=\"text-editor.default\">\n\t\t\t\t<div class=\"elementor-widget-container\">\n\t\t\t\t\t\t\t<ul><li>Einnahmen-Ausgaben-Rechnung und doppelten Buchhaltung f\u00fcr alle Rechtsformen<\/li><li>Erstellung von Umsatzsteuervoranmeldungen<\/li><li>Debitoren- und Kreditorenbuchhaltung<\/li><li>Vorbereitung f\u00fcr die Erstellung von Jahresabschl\u00fcssen<\/li><li>Vertretung in allen Angelegenheiten der An- und Abmeldung von Registrierkassen.<\/li><li>Mahnwesen<\/li><\/ul>\t\t\t\t\t\t<\/div>\n\t\t\t\t<\/div>\n\t\t\t\t\t<\/div>\n\t\t<\/div>\n\t\t\t\t<div class=\"elementor-column elementor-col-33 elementor-inner-column elementor-element elementor-element-5c33635\" data-id=\"5c33635\" data-element_type=\"column\" data-settings=\"{&quot;background_background&quot;:&quot;classic&quot;}\">\n\t\t\t<div class=\"elementor-widget-wrap elementor-element-populated\">\n\t\t\t\t\t\t\t\t<div class=\"elementor-element elementor-element-058e505 elementor-widget elementor-widget-heading\" data-id=\"058e505\" data-element_type=\"widget\" data-widget_type=\"heading.default\">\n\t\t\t\t<div class=\"elementor-widget-container\">\n\t\t\t<h2 class=\"elementor-heading-title elementor-size-default\"><br>Bilanzierung<\/h2>\t\t<\/div>\n\t\t\t\t<\/div>\n\t\t\t\t<div class=\"elementor-element elementor-element-6280462 elementor-invisible elementor-widget elementor-widget-text-editor\" data-id=\"6280462\" data-element_type=\"widget\" data-settings=\"{&quot;_animation&quot;:&quot;lightSpeedIn&quot;}\" data-widget_type=\"text-editor.default\">\n\t\t\t\t<div class=\"elementor-widget-container\">\n\t\t\t\t\t\t\t<ul><li>Erstellung des Jahresabschlusses<\/li><li>Einreichung des Jahresabschlusses beim Firmenbuch<\/li><li>Erstellung der Einnahmen-Ausgaben-Rechnung bzw. \u00dcberschussrechnung<\/li><li>Erstellung aller notwendigen Steuererkl\u00e4rungen<\/li><li>Kontakt und Korrespondenz mit den Finanzbeh\u00f6rden<\/li><li>Aufbereitung von betriebswirtschaftlichen Auswertungen und Reportings<\/li><li>Unterst\u00fctzung bei Optimierungsprozessen im Rechnungswesen<\/li><li>\u00a0<\/li><\/ul>\t\t\t\t\t\t<\/div>\n\t\t\t\t<\/div>\n\t\t\t\t<div class=\"elementor-element elementor-element-d19c291 elementor-widget elementor-widget-text-editor\" data-id=\"d19c291\" data-element_type=\"widget\" data-widget_type=\"text-editor.default\">\n\t\t\t\t<div class=\"elementor-widget-container\">\n\t\t\t\t\t\t\t\t\t\t\t\t\t<\/div>\n\t\t\t\t<\/div>\n\t\t\t\t\t<\/div>\n\t\t<\/div>\n\t\t\t\t<div class=\"elementor-column elementor-col-33 elementor-inner-column elementor-element elementor-element-f2f2b05\" data-id=\"f2f2b05\" data-element_type=\"column\" data-settings=\"{&quot;background_background&quot;:&quot;classic&quot;,&quot;motion_fx_motion_fx_scrolling&quot;:&quot;yes&quot;,&quot;motion_fx_devices&quot;:[&quot;desktop&quot;,&quot;tablet&quot;,&quot;mobile&quot;]}\">\n\t\t\t<div class=\"elementor-widget-wrap elementor-element-populated\">\n\t\t\t\t\t\t\t\t<div class=\"elementor-element elementor-element-fc9bd7a elementor-widget elementor-widget-heading\" data-id=\"fc9bd7a\" data-element_type=\"widget\" data-widget_type=\"heading.default\">\n\t\t\t\t<div class=\"elementor-widget-container\">\n\t\t\t<h2 class=\"elementor-heading-title elementor-size-default\">Lohnverrechnung<\/h2>\t\t<\/div>\n\t\t\t\t<\/div>\n\t\t\t\t<div class=\"elementor-element elementor-element-636e8a8 e-transform elementor-invisible elementor-widget elementor-widget-text-editor\" data-id=\"636e8a8\" data-element_type=\"widget\" data-settings=\"{&quot;_animation&quot;:&quot;lightSpeedIn&quot;,&quot;_transform_rotateZ_effect&quot;:{&quot;unit&quot;:&quot;px&quot;,&quot;size&quot;:&quot;&quot;,&quot;sizes&quot;:[]},&quot;_transform_rotateZ_effect_tablet&quot;:{&quot;unit&quot;:&quot;deg&quot;,&quot;size&quot;:&quot;&quot;,&quot;sizes&quot;:[]},&quot;_transform_rotateZ_effect_mobile&quot;:{&quot;unit&quot;:&quot;deg&quot;,&quot;size&quot;:&quot;&quot;,&quot;sizes&quot;:[]}}\" data-widget_type=\"text-editor.default\">\n\t\t\t\t<div class=\"elementor-widget-container\">\n\t\t\t\t\t\t\t<ul><li>An- und Abmeldung von Dienstnehmer\/Innen<\/li><li>Erstellung von Dienstzetteln<\/li><li>Vertretung im Rahmen der GPLA<\/li><li>laufende Abrechnung Ihrer Dienstnehmer<\/li><li>Berechnung der Lohnabgaben, BUAK (Bauarbeiter-, Urlaubs- und Abfertigungskasse)<\/li><li>Arbeitsrechtliche Beratung in allen Bereichen<\/li><\/ul>\t\t\t\t\t\t<\/div>\n\t\t\t\t<\/div>\n\t\t\t\t\t<\/div>\n\t\t<\/div>\n\t\t\t\t\t\t\t<\/div>\n\t\t<\/section>\n\t\t\t\t<section class=\"elementor-section elementor-top-section elementor-element elementor-element-d9e93b2 elementor-section-boxed elementor-section-height-default elementor-section-height-default\" data-id=\"d9e93b2\" data-element_type=\"section\">\n\t\t\t\t\t\t<div class=\"elementor-container elementor-column-gap-default\">\n\t\t\t\t\t<div class=\"elementor-column elementor-col-33 elementor-top-column elementor-element elementor-element-ddd1cfb\" data-id=\"ddd1cfb\" data-element_type=\"column\" data-settings=\"{&quot;background_background&quot;:&quot;classic&quot;}\">\n\t\t\t<div class=\"elementor-widget-wrap elementor-element-populated\">\n\t\t\t\t\t\t\t\t<div class=\"elementor-element elementor-element-2be7103 elementor-widget elementor-widget-heading\" data-id=\"2be7103\" data-element_type=\"widget\" data-widget_type=\"heading.default\">\n\t\t\t\t<div class=\"elementor-widget-container\">\n\t\t\t<h2 class=\"elementor-heading-title elementor-size-default\">Planung und Kostenrechnung<\/h2>\t\t<\/div>\n\t\t\t\t<\/div>\n\t\t\t\t<div class=\"elementor-element elementor-element-bd81e69 elementor-invisible elementor-widget elementor-widget-text-editor\" data-id=\"bd81e69\" data-element_type=\"widget\" data-settings=\"{&quot;_animation&quot;:&quot;lightSpeedIn&quot;}\" data-widget_type=\"text-editor.default\">\n\t\t\t\t<div class=\"elementor-widget-container\">\n\t\t\t\t\t\t\t<ul><li><span style=\"font-style: inherit; font-weight: inherit;\">Erstellung von Finanzpl\u00e4nen<\/span><\/li><li>laufende Umsatzauswertung<\/li><li>Preiskalkulationen<\/li><li>Erstellung von Forecasts<\/li><li>Unterst\u00fctzung bei Businesspl\u00e4nen<\/li><\/ul>\t\t\t\t\t\t<\/div>\n\t\t\t\t<\/div>\n\t\t\t\t<div class=\"elementor-element elementor-element-4d4031b elementor-widget elementor-widget-text-editor\" data-id=\"4d4031b\" data-element_type=\"widget\" data-widget_type=\"text-editor.default\">\n\t\t\t\t<div class=\"elementor-widget-container\">\n\t\t\t\t\t\t\t\t\t\t\t\t\t<\/div>\n\t\t\t\t<\/div>\n\t\t\t\t\t<\/div>\n\t\t<\/div>\n\t\t\t\t<div class=\"elementor-column elementor-col-33 elementor-top-column elementor-element elementor-element-1c45c43\" data-id=\"1c45c43\" data-element_type=\"column\" data-settings=\"{&quot;background_background&quot;:&quot;classic&quot;}\">\n\t\t\t<div class=\"elementor-widget-wrap elementor-element-populated\">\n\t\t\t\t\t\t\t\t<div class=\"elementor-element elementor-element-f4b6d8a elementor-widget elementor-widget-heading\" data-id=\"f4b6d8a\" data-element_type=\"widget\" data-widget_type=\"heading.default\">\n\t\t\t\t<div class=\"elementor-widget-container\">\n\t\t\t<h2 class=\"elementor-heading-title elementor-size-default\">Allgemeine B\u00fcroarbeiten<\/h2>\t\t<\/div>\n\t\t\t\t<\/div>\n\t\t\t\t<div class=\"elementor-element elementor-element-74bfa53 elementor-invisible elementor-widget elementor-widget-text-editor\" data-id=\"74bfa53\" data-element_type=\"widget\" data-settings=\"{&quot;_animation&quot;:&quot;lightSpeedIn&quot;}\" data-widget_type=\"text-editor.default\">\n\t\t\t\t<div class=\"elementor-widget-container\">\n\t\t\t\t\t\t\t<ul><li><span style=\"font-style: inherit; font-weight: inherit;\">B\u00fcrodienstleistungen<\/span><\/li><li><span style=\"font-style: inherit; font-weight: inherit;\">Buchhaltungsvorbereitung<\/span><\/li><li>Belegsortierung<\/li><li>Angebote erstellen<\/li><li>Office Programme zb Exceltabelle erstellen<\/li><li>Aufbau und Pflege von Stammdaten, Adressverwaltung<\/li><li>B\u00fcroorganisation<\/li><li>Recherchet\u00e4tigkeiten<\/li><li>Schreibarbeiten<\/li><li>Diverse weiter Backoffice T\u00e4tigkeiten<\/li><li>Rechnungen erstellen inkl. Mailversand<\/li><\/ul>\t\t\t\t\t\t<\/div>\n\t\t\t\t<\/div>\n\t\t\t\t\t<\/div>\n\t\t<\/div>\n\t\t\t\t<div class=\"elementor-column elementor-col-33 elementor-top-column elementor-element elementor-element-33ba78a\" data-id=\"33ba78a\" data-element_type=\"column\" data-settings=\"{&quot;background_background&quot;:&quot;classic&quot;}\">\n\t\t\t<div class=\"elementor-widget-wrap elementor-element-populated\">\n\t\t\t\t\t\t\t\t<div class=\"elementor-element elementor-element-b9f0d07 elementor-widget elementor-widget-heading\" data-id=\"b9f0d07\" data-element_type=\"widget\" data-widget_type=\"heading.default\">\n\t\t\t\t<div class=\"elementor-widget-container\">\n\t\t\t<h2 class=\"elementor-heading-title elementor-size-default\">Beratung<\/h2>\t\t<\/div>\n\t\t\t\t<\/div>\n\t\t\t\t<div class=\"elementor-element elementor-element-1a40f72 elementor-invisible elementor-widget elementor-widget-text-editor\" data-id=\"1a40f72\" data-element_type=\"widget\" data-settings=\"{&quot;_animation&quot;:&quot;lightSpeedIn&quot;}\" data-widget_type=\"text-editor.default\">\n\t\t\t\t<div class=\"elementor-widget-container\">\n\t\t\t\t\t\t\t<ul><li>Beratung in Angelegenheiten der Arbeitnehmerveranlagung,<\/li><li>Beratung in Beitrags-, Versicherungs- und Leistungsangelegenheiten der Sozialversicherungen<\/li><li>Vertretung in Abgaben- und Abgabenstrafverfahren f\u00fcr Bundes-, Landes- und Gemeindeabgaben<\/li><li>Vertretung einschlie\u00dflich der Abgabe von Erkl\u00e4rungen in Angelegenheiten der Umsatzsteuervoranmeldungen<\/li><li>Beratung bei Firmengr\u00fcndung<\/li><\/ul>\t\t\t\t\t\t<\/div>\n\t\t\t\t<\/div>\n\t\t\t\t\t<\/div>\n\t\t<\/div>\n\t\t\t\t\t\t\t<\/div>\n\t\t<\/section>\n\t\t\t\t<section class=\"elementor-section elementor-top-section elementor-element elementor-element-2c292f1 elementor-section-boxed elementor-section-height-default elementor-section-height-default\" data-id=\"2c292f1\" data-element_type=\"section\">\n\t\t\t\t\t\t<div class=\"elementor-container elementor-column-gap-default\">\n\t\t\t\t\t<div class=\"elementor-column elementor-col-100 elementor-top-column elementor-element elementor-element-b9991a1\" data-id=\"b9991a1\" data-element_type=\"column\">\n\t\t\t<div class=\"elementor-widget-wrap elementor-element-populated\">\n\t\t\t\t\t\t\t\t<div class=\"elementor-element elementor-element-e8d7801 elementor-widget elementor-widget-heading\" data-id=\"e8d7801\" data-element_type=\"widget\" data-widget_type=\"heading.default\">\n\t\t\t\t<div class=\"elementor-widget-container\">\n\t\t\t<h2 class=\"elementor-heading-title elementor-size-default\"><br><span style=\"color: rgb(51, 131, 106); font-size: 2rem; background-color: var(--ast-global-color-5);\">Starten Sie Ihre Anfrage<\/span><br><\/h2>\t\t<\/div>\n\t\t\t\t<\/div>\n\t\t\t\t<div class=\"elementor-element elementor-element-7b5c862 elementor-align-center elementor-widget elementor-widget-button\" data-id=\"7b5c862\" data-element_type=\"widget\" data-widget_type=\"button.default\">\n\t\t\t\t<div class=\"elementor-widget-container\">\n\t\t\t\t\t<div class=\"elementor-button-wrapper\">\n\t\t\t<a class=\"elementor-button elementor-button-link elementor-size-sm\" href=\"https:\/\/eleconsult.at\/index.php\/kontak\/\">\n\t\t\t\t\t\t<span class=\"elementor-button-content-wrapper\">\n\t\t\t\t\t\t<span class=\"elementor-button-text\"> LOS GEHT'S<\/span>\n\t\t<\/span>\n\t\t\t\t\t<\/a>\n\t\t<\/div>\n\t\t\t\t<\/div>\n\t\t\t\t<\/div>\n\t\t\t\t\t<\/div>\n\t\t<\/div>\n\t\t\t\t\t\t\t<\/div>\n\t\t<\/section>\n\t\t\t\t\t\t\t<\/div>\n\t\t","protected":false},"excerpt":{"rendered":"<p>Unsere Leistungen Der Schwerpunkt liegt bei der Betreuung von\u00a0Klein- und Mittelbetrieben (KMU), sowie\u00a0Ein-Personen-Unternehmen (EPU).\u00a0Im Rahmen der Selbst\u00e4ndigen T\u00e4tigkeit stehen oftmals viele Unsicherheiten im Raum.\u00a0 Wir unterst\u00fctzen Sie sehr gern auf dem Weg zu Ihrem eigenen Unternehmen und sind stets bem\u00fcht, alle Ihre Fragen im Rahmen einer ausf\u00fchrlichen und pers\u00f6nlichen\u00a0Gr\u00fcndungsberatung und Rechtsformberatung\u00a0zu beantworten. Jeder Klient ist &hellip;<\/p>\n<p class=\"read-more\"> <a class=\"\" href=\"https:\/\/eleconsult.at\/index.php\/leistungen\/\"> <span class=\"screen-reader-text\">Leistungen<\/span> Read More &raquo;<\/a><\/p>\n","protected":false},"author":1,"featured_media":0,"parent":0,"menu_order":0,"comment_status":"closed","ping_status":"closed","template":"","meta":{"site-sidebar-layout":"no-sidebar","site-content-layout":"page-builder","ast-global-header-display":"","ast-banner-title-visibility":"","ast-main-header-display":"","ast-hfb-above-header-display":"","ast-hfb-below-header-display":"","ast-hfb-mobile-header-display":"","site-post-title":"disabled","ast-breadcrumbs-content":"","ast-featured-img":"disabled","footer-sml-layout":"","theme-transparent-header-meta":"default","adv-header-id-meta":"","stick-header-meta":"","header-above-stick-meta":"","header-main-stick-meta":"","header-below-stick-meta":"","footnotes":""},"class_list":["post-13","page","type-page","status-publish","hentry"],"_links":{"self":[{"href":"https:\/\/eleconsult.at\/index.php\/wp-json\/wp\/v2\/pages\/13","targetHints":{"allow":["GET"]}}],"collection":[{"href":"https:\/\/eleconsult.at\/index.php\/wp-json\/wp\/v2\/pages"}],"about":[{"href":"https:\/\/eleconsult.at\/index.php\/wp-json\/wp\/v2\/types\/page"}],"author":[{"embeddable":true,"href":"https:\/\/eleconsult.at\/index.php\/wp-json\/wp\/v2\/users\/1"}],"replies":[{"embeddable":true,"href":"https:\/\/eleconsult.at\/index.php\/wp-json\/wp\/v2\/comments?post=13"}],"version-history":[{"count":36,"href":"https:\/\/eleconsult.at\/index.php\/wp-json\/wp\/v2\/pages\/13\/revisions"}],"predecessor-version":[{"id":303,"href":"https:\/\/eleconsult.at\/index.php\/wp-json\/wp\/v2\/pages\/13\/revisions\/303"}],"wp:attachment":[{"href":"https:\/\/eleconsult.at\/index.php\/wp-json\/wp\/v2\/media?parent=13"}],"curies":[{"name":"wp","href":"https:\/\/api.w.org\/{rel}","templated":true}]}}